{"id":19,"date":"2021-05-07T10:47:57","date_gmt":"2021-05-07T08:47:57","guid":{"rendered":"http:\/\/kafana.flamduo.net\/?page_id=19"},"modified":"2021-05-08T15:18:47","modified_gmt":"2021-05-08T13:18:47","slug":"a-propos-de","status":"publish","type":"page","link":"https:\/\/kafana.flamduo.net\/index.php\/a-propos-de\/","title":{"rendered":"\u00c0 propos de nous"},"content":{"rendered":"\n<p class=\"has-drop-cap has-normal-font-size\">KAFANA regroupe 3 musiciens fins connaisseurs de la musique de Balkans. Ils partagent un riche r\u00e9pertoire appris lors des voyages et gr\u00e2ce aux rencontres. <br>C&rsquo;est maintenant \u00e0 leur tour de le retransmettre et de lui inventer de nouvelles sonorit\u00e9s, de nouvelles associations d&rsquo;instruments<\/p>\n\n\n\n<div class=\"wp-block-media-text alignwide is-stacked-on-mobile\"><figure class=\"wp-block-media-text__media\"><img loading=\"lazy\" width=\"1024\" height=\"576\" src=\"http:\/\/kafana.flamduo.net\/wp-content\/uploads\/2021\/05\/Kafana-Trio_2-1024x576.jpg\" alt=\"\" class=\"wp-image-95 size-full\" srcset=\"https:\/\/kafana.flamduo.net\/wp-content\/uploads\/2021\/05\/Kafana-Trio_2-1024x576.jpg 1024w, https:\/\/kafana.flamduo.net\/wp-content\/uploads\/2021\/05\/Kafana-Trio_2-300x169.jpg 300w, https:\/\/kafana.flamduo.net\/wp-content\/uploads\/2021\/05\/Kafana-Trio_2-768x432.jpg 768w, https:\/\/kafana.flamduo.net\/wp-content\/uploads\/2021\/05\/Kafana-Trio_2-1536x864.jpg 1536w, https:\/\/kafana.flamduo.net\/wp-content\/uploads\/2021\/05\/Kafana-Trio_2-2048x1152.jpg 2048w\" sizes=\"(max-width: 1024px) 100vw, 1024px\" \/><\/figure><div class=\"wp-block-media-text__content\">\n<p class=\"has-large-font-size\">Avec :<\/p>\n\n\n\n<p class=\"has-nv-c-2-color has-text-color has-normal-font-size\"><strong>Agn\u00e8s MOYENCOURT<\/strong> : Basson, Frulas, Accord\u00e9on, Percussions<br><strong>Martine CHAPON<\/strong> : Accord\u00e9on<br><strong>Laurent FLECHIER<\/strong> : Clarinettes, Percussions, Cymbachord<\/p>\n<\/div><\/div>\n\n\n\n<blockquote class=\"wp-block-quote is-style-large\"><p>KAFANA c&rsquo;est 2 ambiances et 2 styles concerts diff\u00e9rents<\/p><\/blockquote>\n\n\n\n<p><a href=\"http:\/\/kafana.flamduo.net\/index.php\/trio-musique-de-chambre-des-balkans\/\" data-type=\"page\" data-id=\"75\">KAFANA Trio &#8211; Musique de Chambre des Balkans<\/a><\/p>\n\n\n\n<p><a href=\"http:\/\/kafana.flamduo.net\/index.php\/le-duo-vous-raconte-des-histoires\/\" data-type=\"page\" data-id=\"73\">KAFANA Duo &#8211; Vous raconte des histoires<\/a><\/p>\n\n\n\n<figure class=\"wp-block-image size-large is-resized is-style-rounded\"><img loading=\"lazy\" src=\"http:\/\/kafana.flamduo.net\/wp-content\/uploads\/2021\/05\/P1130408-1024x576.jpg\" alt=\"\" class=\"wp-image-135\" width=\"512\" height=\"288\" srcset=\"https:\/\/kafana.flamduo.net\/wp-content\/uploads\/2021\/05\/P1130408-1024x576.jpg 1024w, https:\/\/kafana.flamduo.net\/wp-content\/uploads\/2021\/05\/P1130408-300x169.jpg 300w, https:\/\/kafana.flamduo.net\/wp-content\/uploads\/2021\/05\/P1130408-768x432.jpg 768w, https:\/\/kafana.flamduo.net\/wp-content\/uploads\/2021\/05\/P1130408-1536x864.jpg 1536w, https:\/\/kafana.flamduo.net\/wp-content\/uploads\/2021\/05\/P1130408-2048x1152.jpg 2048w\" sizes=\"(max-width: 512px) 100vw, 512px\" \/><\/figure>\n","protected":false},"excerpt":{"rendered":"<p>KAFANA regroupe 3 musiciens fins connaisseurs de la musique de Balkans. Ils partagent un riche r\u00e9pertoire appris lors des voyages et gr\u00e2ce aux rencontres. C&rsquo;est maintenant \u00e0 leur tour de le retransmettre et de lui inventer de nouvelles sonorit\u00e9s, de nouvelles associations d&rsquo;instruments Avec : Agn\u00e8s MOYENCOURT : Basson, Frulas, Accord\u00e9on, PercussionsMartine CHAPON : Accord\u00e9onLaurent&hellip;&nbsp;<a href=\"https:\/\/kafana.flamduo.net\/index.php\/a-propos-de\/\" class=\"\" rel=\"bookmark\">Lire la suite &raquo;<span class=\"screen-reader-text\">\u00c0 propos de nous<\/span><\/a><\/p>\n","protected":false},"author":1,"featured_media":0,"parent":0,"menu_order":0,"comment_status":"closed","ping_status":"closed","template":"","meta":{"neve_meta_sidebar":"","neve_meta_container":"","neve_meta_enable_content_width":"","neve_meta_content_width":0,"neve_meta_title_alignment":"","neve_meta_author_avatar":"","neve_post_elements_order":"","neve_meta_disable_header":"","neve_meta_disable_footer":"","neve_meta_disable_title":""},"_links":{"self":[{"href":"https:\/\/kafana.flamduo.net\/index.php\/wp-json\/wp\/v2\/pages\/19"}],"collection":[{"href":"https:\/\/kafana.flamduo.net\/index.php\/wp-json\/wp\/v2\/pages"}],"about":[{"href":"https:\/\/kafana.flamduo.net\/index.php\/wp-json\/wp\/v2\/types\/page"}],"author":[{"embeddable":true,"href":"https:\/\/kafana.flamduo.net\/index.php\/wp-json\/wp\/v2\/users\/1"}],"replies":[{"embeddable":true,"href":"https:\/\/kafana.flamduo.net\/index.php\/wp-json\/wp\/v2\/comments?post=19"}],"version-history":[{"count":5,"href":"https:\/\/kafana.flamduo.net\/index.php\/wp-json\/wp\/v2\/pages\/19\/revisions"}],"predecessor-version":[{"id":143,"href":"https:\/\/kafana.flamduo.net\/index.php\/wp-json\/wp\/v2\/pages\/19\/revisions\/143"}],"wp:attachment":[{"href":"https:\/\/kafana.flamduo.net\/index.php\/wp-json\/wp\/v2\/media?parent=19"}],"curies":[{"name":"wp","href":"https:\/\/api.w.org\/{rel}","templated":true}]}}