{"id":73,"date":"2021-05-07T15:10:16","date_gmt":"2021-05-07T13:10:16","guid":{"rendered":"http:\/\/kafana.flamduo.net\/?page_id=73"},"modified":"2021-05-08T16:58:52","modified_gmt":"2021-05-08T14:58:52","slug":"le-duo-vous-raconte-des-histoires","status":"publish","type":"page","link":"https:\/\/kafana.flamduo.net\/index.php\/le-duo-vous-raconte-des-histoires\/","title":{"rendered":"Le Duo KAFANA Vous raconte des Histoires"},"content":{"rendered":"\n<figure class=\"wp-block-embed is-type-video is-provider-youtube wp-block-embed-youtube wp-embed-aspect-16-9 wp-has-aspect-ratio\"><div class=\"wp-block-embed__wrapper\">\n<div class=\"nv-iframe-embed\"><iframe loading=\"lazy\" title=\"Kafana raconte Histoires - Teaser\" width=\"1200\" height=\"675\" src=\"https:\/\/www.youtube.com\/embed\/nHMKOnJ6XDM?feature=oembed\" frameborder=\"0\" allow=\"accelerometer; autoplay; clipboard-write; encrypted-media; gyroscope; picture-in-picture\" allowfullscreen><\/iframe><\/div>\n<\/div><\/figure>\n\n\n\n<p class=\"has-nv-c-2-color has-text-color has-medium-font-size\"><strong>Un voyage musical dans les Balkans cont\u00e9, jou\u00e9 et chant\u00e9<\/strong><\/p>\n\n\n\n<p class=\"has-drop-cap has-nv-c-2-color has-text-color\">Nous vous invitons \u00e0 entrer dans notre KAFANA et \u00e0 nous suivre dans une tourn\u00e9e musicale accompagn\u00e9e et comment\u00e9e au coeur des Balkans, \u00e0 travers quelques airs et chants ramen\u00e9s de nos p\u00e9riples dans ces pays.<\/p>\n\n\n\n<p>Chaque morceau sera l\u2019occasion de raconter son histoire, de le replacer dans son contexte, de le relier aux musiciens qui les ont transmis.<\/p>\n\n\n\n<p>Nous vous proposerons, pendant une heure, de voyager avec nous de la Moldavie, \u00e0 la Turquie, en passant par la Serbie, ou la Mac\u00e9doine et \u00e0 partager notre passion pour cette musique et cette r\u00e9gion.<\/p>\n\n\n\n<p><em>Agn\u00e8s MOYENCOURT : Frulas, Accord\u00e9on, Percussions<br>Laurent FLECHIER : Clarinettes, Cymbachord, Percussions<\/em><\/p>\n\n\n\n<figure class=\"wp-block-image size-large is-style-rounded\"><img loading=\"lazy\" width=\"1024\" height=\"576\" src=\"http:\/\/kafana.flamduo.net\/wp-content\/uploads\/2021\/05\/PC080241-1024x576.jpg\" alt=\"\" class=\"wp-image-126\" srcset=\"https:\/\/kafana.flamduo.net\/wp-content\/uploads\/2021\/05\/PC080241-1024x576.jpg 1024w, https:\/\/kafana.flamduo.net\/wp-content\/uploads\/2021\/05\/PC080241-300x169.jpg 300w, https:\/\/kafana.flamduo.net\/wp-content\/uploads\/2021\/05\/PC080241-768x432.jpg 768w, https:\/\/kafana.flamduo.net\/wp-content\/uploads\/2021\/05\/PC080241-1536x864.jpg 1536w, https:\/\/kafana.flamduo.net\/wp-content\/uploads\/2021\/05\/PC080241-2048x1152.jpg 2048w\" sizes=\"(max-width: 1024px) 100vw, 1024px\" \/><figcaption>OLYMPUS DIGITAL CAMERA<\/figcaption><\/figure>\n\n\n\n<p class=\"has-text-align-right has-nv-c-2-color has-text-color has-medium-font-size\"><strong>LE CONCERT<\/strong><\/p>\n\n\n\n<p>Le spectacle se pr\u00e9sente comme un voyage. Il commence en Croatie puis serpente \u00e0 travers les Balkans, au gr\u00e9s des airs et des Chansons.<br>Chaque Morceau est le pr\u00e9texte \u00e0 raconter une histoire, pr\u00e9senter les instruments, les musiciens qui nous les ont transmis, donner des explications culturelles, g\u00e9ographiques ou musicales.<br>A l&rsquo;issue, nous \u00e9changeons avec le public pour r\u00e9pondre aux questions. <em>(cette partie peut \u00eatre \u00e9tendue et faire l&rsquo;objet d&rsquo;un moment sp\u00e9cifique type \u00ab\u00a0conf\u00e9rence\u00a0\u00bb adapt\u00e9e aux \u00e2ges et publics rencontr\u00e9s<\/em>).<br>Le concert peut \u00eatre augment\u00e9 par une partie <strong>\u00ab\u00a0pratique et p\u00e9dagogique\u00a0\u00bb<\/strong> <em>(apprentissage d&rsquo;airs, techniques instrumentales&#8230;)<\/em><br><br>Le concert est enti\u00e8rement acoustique et prend place dans un d\u00e9cor l\u00e9ger, comme \u00e0 une table de caf\u00e9 <em>(cf photo ci-dessus)<\/em>.<br>Il se pr\u00eate mieux \u00e0 une petite jauge, un espace acoustique adapt\u00e9, ou un espace de proximit\u00e9 (petite salle, salon, m\u00e9diath\u00e8que, salle de classe\u2026).<br>Il peut m\u00eame s\u2019envisager en ext\u00e9rieur, sous un arbre aux beaux jours.<br><br>Rapide et simple \u00e0 installer.<br>Dur\u00e9e : 1h15 env. + \u00e9change<\/p>\n\n\n\n<p class=\"has-text-align-right has-nv-c-2-color has-text-color has-medium-font-size\"><strong>LE GROUPE<\/strong><\/p>\n\n\n\n<p><strong>Laurent Flechier, <\/strong>Clarinettiste, est depuis longtemps passionn\u00e9 du r\u00e9pertoire traditionnel des Balkans. <br>Son voyage musical a commenc\u00e9 avec la rencontre des musiques tsiganes dans le groupe de jazz manouche \u00ab les fr\u00e8res rabouins \u00bb. Puis progressivement, au fil des diff\u00e9rents groupes (Saalek Orkestar, Aks\u00e4k fanf\u00e4r, Kafana, Meshka) et des rencontres, le chemin s\u2019est amplifi\u00e9, sp\u00e9cialis\u00e9, et affin\u00e9 vers les sources et les origines.<br>L\u2019aventure est devenue familiale quand <strong>Agn\u00e8s Moyencourt<\/strong> est venue ajouter le son des frulas et de l\u2019accord\u00e9on.<br><br>Depuis, il ont pu se former directement aupr\u00e8s de musiciens, chanteurs, danseurs dans les pays qu\u2019il ont travers\u00e9 lors de leurs voyages sur le terrain, et ainsi vivre les musiques dans leur contexte et profiter de leurs \u00e9nergies communicatives .<br>Et surtout d\u00e9couvrir l\u2019extraordinaire richesse de cette culture et de son go\u00fbt pour le d\u00e9tail du style, et de la complexit\u00e9 des techniques instrumentales, qu\u2019il peuvent confronter et m\u00ealer \u00e0 leur formation classique initiale.<\/p>\n\n\n\n<p class=\"has-text-align-right has-nv-c-2-color has-text-color has-medium-font-size\"><strong>Lien vers la page pro<\/strong><\/p>\n\n\n\n<p class=\"has-text-align-right\">Pour des infos techniques et pratiques<br><a href=\"https:\/\/flampad.padlet.org\/flam52\/KDpagepro\">https:\/\/flampad.padlet.org\/flam52\/KDpagepro<\/a><br>contact : <a href=\"mailto:kafana@flamduo.net\">kafana@flamduo.net<\/a><\/p>\n","protected":false},"excerpt":{"rendered":"<p>Un voyage musical dans les Balkans cont\u00e9, jou\u00e9 et chant\u00e9 Nous vous invitons \u00e0 entrer dans notre KAFANA et \u00e0 nous suivre dans une tourn\u00e9e musicale accompagn\u00e9e et comment\u00e9e au coeur des Balkans, \u00e0 travers quelques airs et chants ramen\u00e9s de nos p\u00e9riples dans ces pays. Chaque morceau sera l\u2019occasion de raconter son histoire, de&hellip;&nbsp;<a href=\"https:\/\/kafana.flamduo.net\/index.php\/le-duo-vous-raconte-des-histoires\/\" class=\"\" rel=\"bookmark\">Lire la suite &raquo;<span class=\"screen-reader-text\">Le Duo KAFANA Vous raconte des Histoires<\/span><\/a><\/p>\n","protected":false},"author":1,"featured_media":0,"parent":0,"menu_order":0,"comment_status":"closed","ping_status":"closed","template":"","meta":{"neve_meta_sidebar":"","neve_meta_container":"","neve_meta_enable_content_width":"","neve_meta_content_width":0,"neve_meta_title_alignment":"","neve_meta_author_avatar":"","neve_post_elements_order":"","neve_meta_disable_header":"","neve_meta_disable_footer":"","neve_meta_disable_title":""},"_links":{"self":[{"href":"https:\/\/kafana.flamduo.net\/index.php\/wp-json\/wp\/v2\/pages\/73"}],"collection":[{"href":"https:\/\/kafana.flamduo.net\/index.php\/wp-json\/wp\/v2\/pages"}],"about":[{"href":"https:\/\/kafana.flamduo.net\/index.php\/wp-json\/wp\/v2\/types\/page"}],"author":[{"embeddable":true,"href":"https:\/\/kafana.flamduo.net\/index.php\/wp-json\/wp\/v2\/users\/1"}],"replies":[{"embeddable":true,"href":"https:\/\/kafana.flamduo.net\/index.php\/wp-json\/wp\/v2\/comments?post=73"}],"version-history":[{"count":3,"href":"https:\/\/kafana.flamduo.net\/index.php\/wp-json\/wp\/v2\/pages\/73\/revisions"}],"predecessor-version":[{"id":150,"href":"https:\/\/kafana.flamduo.net\/index.php\/wp-json\/wp\/v2\/pages\/73\/revisions\/150"}],"wp:attachment":[{"href":"https:\/\/kafana.flamduo.net\/index.php\/wp-json\/wp\/v2\/media?parent=73"}],"curies":[{"name":"wp","href":"https:\/\/api.w.org\/{rel}","templated":true}]}}