{"id":75,"date":"2021-05-07T15:10:43","date_gmt":"2021-05-07T13:10:43","guid":{"rendered":"http:\/\/kafana.flamduo.net\/?page_id=75"},"modified":"2022-09-26T16:01:45","modified_gmt":"2022-09-26T14:01:45","slug":"trio-musique-de-chambre-des-balkans","status":"publish","type":"page","link":"https:\/\/kafana.flamduo.net\/index.php\/trio-musique-de-chambre-des-balkans\/","title":{"rendered":"KAFANA Trio &#8211; Musique de Chambre des Balkans"},"content":{"rendered":"\n<figure class=\"wp-block-embed is-type-video is-provider-youtube wp-block-embed-youtube wp-embed-aspect-16-9 wp-has-aspect-ratio\"><div class=\"wp-block-embed__wrapper\">\n<div class=\"nv-iframe-embed\"><iframe loading=\"lazy\" title=\"KAFANA Trio - Teaser - Musique de Chambre des Balkans\" width=\"1200\" height=\"675\" src=\"https:\/\/www.youtube.com\/embed\/8KQyMGUkmQQ?feature=oembed\" frameborder=\"0\" allow=\"accelerometer; autoplay; clipboard-write; encrypted-media; gyroscope; picture-in-picture\" allowfullscreen><\/iframe><\/div>\n<\/div><figcaption>Tourn\u00e9 et r\u00e9alis\u00e9 par Julie Daubie &#8211; <a href=\"http:\/\/www.fondusdefilms.com\/\">Les fondues de film<\/a><\/figcaption><\/figure>\n\n\n\n<p class=\"has-drop-cap has-nv-c-2-color has-text-color has-medium-font-size\"><strong>Loin des caf\u00e9s enfum\u00e9s et de l\u2019ambiance enfi\u00e9vr\u00e9e des salles de mariages, loin des places de villages, des f\u00eates et des danseurs, Kafana transporte la musique des Balkans vers le salon, et la salle de concert.<\/strong><\/p>\n\n\n\n<p>Le trio en propose alors une lecture fine, une musique de chambre dont le r\u00e9pertoire entrem\u00eale th\u00e8mes traditionnels, compositions, arrangements, et taksims d\u00e9licats alliant exigences stylistiques et influences personnelles.<\/p>\n\n\n\n<p>Sans oublier l\u2019authenticit\u00e9, mais en soignant les choix des orchestrations, gr\u00e2ce \u00e0 une instrumentation in\u00e9dite, ils en r\u00e9v\u00e8lent la richesse, la complexit\u00e9 des modes et des rythmiques, au gr\u00e9 des m\u00e9langes de timbres.<br><br><em>Agn\u00e8s MOYENCOURT : Basson, Frulas, Percussions<br>Martine CHAPON : Accord\u00e9on<br>Laurent FLECHIER : Clarinettes, Percussions<\/em> (direction musicale)<\/p>\n\n\n\n<figure class=\"wp-block-image size-large is-style-rounded\"><img loading=\"lazy\" width=\"500\" height=\"333\" src=\"http:\/\/kafana.flamduo.net\/wp-content\/uploads\/2022\/06\/0003_SC_Kafana-34.jpg\" alt=\"\" class=\"wp-image-160\" srcset=\"https:\/\/kafana.flamduo.net\/wp-content\/uploads\/2022\/06\/0003_SC_Kafana-34.jpg 500w, https:\/\/kafana.flamduo.net\/wp-content\/uploads\/2022\/06\/0003_SC_Kafana-34-300x200.jpg 300w\" sizes=\"(max-width: 500px) 100vw, 500px\" \/><figcaption>cr\u00e9dit photo : coralie garavel 2022<\/figcaption><\/figure>\n\n\n\n<p class=\"has-text-align-right has-nv-c-2-color has-text-color has-medium-font-size\"><strong>LE CONCERT<\/strong><\/p>\n\n\n\n<p class=\"has-drop-cap\">Enti\u00e8rement acoustique, ce spectacle trouve tout \u00e0 fait sa place dans une jauge moyenne, un espace acoustique adapt\u00e9, ou un espace de proximit\u00e9 (petite moyenne, salon, m\u00e9diath\u00e8que, salle de classe\u2026).<br>Mais il trouve aussi toute son ampleur sur une grande sc\u00e8ne<br>Il peut m\u00eame s\u2019envisager en ext\u00e9rieur, sous un arbre aux beaux jours.<br><br>Tr\u00e8s rapide et simple \u00e0 installer, il est accessible, et peut (<em>seulement si besoin<\/em>) assez facilement et l\u00e9g\u00e8rement s\u2019amplifier.<br>Dur\u00e9e : 1h15 env.<br>Il peut \u00eatre associ\u00e9 \u00e0 un <strong>volet p\u00e9dagogique et\/ou culturel<\/strong>.<\/p>\n\n\n\n<figure class=\"wp-block-embed is-type-video is-provider-youtube wp-block-embed-youtube wp-embed-aspect-16-9 wp-has-aspect-ratio\"><div class=\"wp-block-embed__wrapper\">\n<div class=\"nv-iframe-embed\"><iframe loading=\"lazy\" title=\"KAFANA Trio - Musique de Chambre des Balkans\" width=\"1200\" height=\"675\" src=\"https:\/\/www.youtube.com\/embed\/q7Mg531wR_U?feature=oembed\" frameborder=\"0\" allow=\"accelerometer; autoplay; clipboard-write; encrypted-media; gyroscope; picture-in-picture\" allowfullscreen><\/iframe><\/div>\n<\/div><figcaption>Tourn\u00e9 et r\u00e9alis\u00e9 par Julie Daubie &#8211; <a href=\"http:\/\/www.fondusdefilms.com\/\">Les fondues de film<\/a><\/figcaption><\/figure>\n\n\n\n<div class=\"wp-container-3 wp-block-columns\">\n<div class=\"wp-container-1 wp-block-column\">\n<figure class=\"wp-block-image size-large is-resized\"><img loading=\"lazy\" src=\"http:\/\/kafana.flamduo.net\/wp-content\/uploads\/2022\/06\/0007_SC_Kafana-81.jpg\" alt=\"\" class=\"wp-image-161\" width=\"337\" height=\"506\" srcset=\"https:\/\/kafana.flamduo.net\/wp-content\/uploads\/2022\/06\/0007_SC_Kafana-81.jpg 333w, https:\/\/kafana.flamduo.net\/wp-content\/uploads\/2022\/06\/0007_SC_Kafana-81-200x300.jpg 200w\" sizes=\"(max-width: 337px) 100vw, 337px\" \/><\/figure>\n<\/div>\n\n\n\n<div class=\"wp-container-2 wp-block-column is-vertically-aligned-center\">\n<h2 class=\"has-text-align-right has-nv-c-2-color has-text-color\"><strong>LE GROUPE<\/strong><\/h2>\n\n\n\n<p><strong>Laurent Flechier, <\/strong>Clarinettiste, depuis longtemps passionn\u00e9 du r\u00e9pertoire traditionnel des Balkans. Son voyage musical a commenc\u00e9 avec la rencontre des musiques tsiganes dans le groupe de jazz manouche \u00ab les fr\u00e8res rabouins \u00bb. Puis progressivement, au fil des diff\u00e9rents groupes (saalek orkestar, aks\u00e4k fanf\u00e4r, kafana, Meshka) et des rencontres, le chemin s\u2019est amplifi\u00e9, sp\u00e9cialis\u00e9, et affin\u00e9 vers les sources et les origines. Il a pu se former directement aupr\u00e8s de musiciens, chanteurs, danseurs dans les pays qu\u2019il a travers\u00e9 lors de voyages sur le terrain, et ainsi vivre les musiques dans leur contexte et profiter de leurs \u00e9nergies communicatives .<br>Il s\u2019associe avec <strong>Agn\u00e8s Moyencourt<\/strong> qui ajoute le son des frulas, et du basson, et <strong>Martine Chapon<\/strong>, celui de l\u2019accord\u00e9on.&nbsp;<br>Avec elles, il partage l\u2019extraordinaire richesse de cette culture et son go\u00fbt pour le d\u00e9tail du style, et la complexit\u00e9 des techniques instrumentales. Au sein de ce projet, ils peuvent confronter et m\u00ealer leur formation classique initiale, et joindre deux mondes, deux univers.<\/p>\n<\/div>\n<\/div>\n\n\n\n<p class=\"has-text-align-right has-nv-c-2-color has-text-color has-medium-font-size\"><strong>LE PROGRAMME MUSICAL<\/strong><\/p>\n\n\n\n<p>Le programme se construit autour de 6 suites, chacune ayant son style, son instrumentation, sa couleur sp\u00e9cifique.<br><br>* Le chant du Geai (Suite n\u00b01)<br>* Suite de Lesnotos (danse \u00e0 7)<br>* Bach to Balkans (et si J.S. Bach \u00e9tait n\u00e9 dans les Balkans)<br>* Un soir \u00e0 Sarajevo (Sevdalinke)<br>* Vranjanka Svita (suite de Vranje \/ Serbie)<br>* De krusevac \u00e0 Th\u00e9ssalonique (Suite n\u00b02)<\/p>\n\n\n\n<p class=\"has-nv-c-2-color has-text-color has-medium-font-size\"><strong>Ecouter plus<\/strong> sur la playlist<\/p>\n\n\n\n<figure class=\"wp-block-embed is-type-video is-provider-youtube wp-block-embed-youtube wp-embed-aspect-16-9 wp-has-aspect-ratio\"><div class=\"wp-block-embed__wrapper\">\n<div class=\"nv-iframe-embed\"><iframe loading=\"lazy\" title=\"Kafana Trio - chamber Music\" width=\"1200\" height=\"675\" src=\"https:\/\/www.youtube.com\/embed\/videoseries?list=PLGw8ab4-0Zusiyhc9HCCQrImYxAEw8-th\" frameborder=\"0\" allow=\"accelerometer; autoplay; clipboard-write; encrypted-media; gyroscope; picture-in-picture\" allowfullscreen><\/iframe><\/div>\n<\/div><\/figure>\n\n\n\n<p class=\"has-text-align-right has-nv-c-2-color has-text-color has-medium-font-size\"><strong>Lien vers la page pro<\/strong><\/p>\n\n\n\n<p class=\"has-text-align-right\">Pour des infos techniques et pratiques<br><a href=\"https:\/\/flampad.padlet.org\/flam52\/ktpagepro\">https:\/\/flampad.padlet.org\/flam52\/ktpagepro<\/a><br>contact : <a href=\"mailto:kafana@flamduo.net\">kafana@flamduo.net<\/a><\/p>\n\n\n<div class=\"wp-block-image\">\n<figure class=\"aligncenter size-large\"><img loading=\"lazy\" width=\"500\" height=\"333\" src=\"http:\/\/kafana.flamduo.net\/wp-content\/uploads\/2022\/06\/0010_SC_Kafana-97.jpg\" alt=\"\" class=\"wp-image-162\" srcset=\"https:\/\/kafana.flamduo.net\/wp-content\/uploads\/2022\/06\/0010_SC_Kafana-97.jpg 500w, https:\/\/kafana.flamduo.net\/wp-content\/uploads\/2022\/06\/0010_SC_Kafana-97-300x200.jpg 300w\" sizes=\"(max-width: 500px) 100vw, 500px\" \/><\/figure><\/div>","protected":false},"excerpt":{"rendered":"<p>Loin des caf\u00e9s enfum\u00e9s et de l\u2019ambiance enfi\u00e9vr\u00e9e des salles de mariages, loin des places de villages, des f\u00eates et des danseurs, Kafana transporte la musique des Balkans vers le salon, et la salle de concert. Le trio en propose alors une lecture fine, une musique de chambre dont le r\u00e9pertoire entrem\u00eale th\u00e8mes traditionnels, compositions,&hellip;&nbsp;<a href=\"https:\/\/kafana.flamduo.net\/index.php\/trio-musique-de-chambre-des-balkans\/\" class=\"\" rel=\"bookmark\">Lire la suite &raquo;<span class=\"screen-reader-text\">KAFANA Trio &#8211; Musique de Chambre des Balkans<\/span><\/a><\/p>\n","protected":false},"author":1,"featured_media":0,"parent":0,"menu_order":0,"comment_status":"closed","ping_status":"closed","template":"","meta":{"neve_meta_sidebar":"","neve_meta_container":"","neve_meta_enable_content_width":"","neve_meta_content_width":0,"neve_meta_title_alignment":"","neve_meta_author_avatar":"","neve_post_elements_order":"","neve_meta_disable_header":"","neve_meta_disable_footer":"","neve_meta_disable_title":""},"_links":{"self":[{"href":"https:\/\/kafana.flamduo.net\/index.php\/wp-json\/wp\/v2\/pages\/75"}],"collection":[{"href":"https:\/\/kafana.flamduo.net\/index.php\/wp-json\/wp\/v2\/pages"}],"about":[{"href":"https:\/\/kafana.flamduo.net\/index.php\/wp-json\/wp\/v2\/types\/page"}],"author":[{"embeddable":true,"href":"https:\/\/kafana.flamduo.net\/index.php\/wp-json\/wp\/v2\/users\/1"}],"replies":[{"embeddable":true,"href":"https:\/\/kafana.flamduo.net\/index.php\/wp-json\/wp\/v2\/comments?post=75"}],"version-history":[{"count":15,"href":"https:\/\/kafana.flamduo.net\/index.php\/wp-json\/wp\/v2\/pages\/75\/revisions"}],"predecessor-version":[{"id":169,"href":"https:\/\/kafana.flamduo.net\/index.php\/wp-json\/wp\/v2\/pages\/75\/revisions\/169"}],"wp:attachment":[{"href":"https:\/\/kafana.flamduo.net\/index.php\/wp-json\/wp\/v2\/media?parent=75"}],"curies":[{"name":"wp","href":"https:\/\/api.w.org\/{rel}","templated":true}]}}